{"id":378,"date":"2025-10-15T15:23:48","date_gmt":"2025-10-15T13:23:48","guid":{"rendered":"https:\/\/rtp.fumed.pl\/?page_id=378"},"modified":"2025-10-15T16:07:39","modified_gmt":"2025-10-15T14:07:39","slug":"punkty-edukacyjne","status":"publish","type":"page","link":"https:\/\/rtp.fumed.pl\/index.php\/punkty-edukacyjne\/","title":{"rendered":"Punkty edukacyjne"},"content":{"rendered":"\t\t<div data-elementor-type=\"wp-page\" data-elementor-id=\"378\" class=\"elementor elementor-378\">\n\t\t\t\t<div class=\"elementor-element elementor-element-5cc4929 e-flex e-con-boxed e-con e-parent\" data-id=\"5cc4929\" data-element_type=\"container\">\n\t\t\t\t\t<div class=\"e-con-inner\">\n\t\t\t\t<div class=\"elementor-element elementor-element-4dd2d0c elementor-widget elementor-widget-heading\" data-id=\"4dd2d0c\" data-element_type=\"widget\" data-widget_type=\"heading.default\">\n\t\t\t\t\t<h2 class=\"elementor-heading-title elementor-size-default\">Punkty edukacyjne <\/h2>\t\t\t\t<\/div>\n\t\t\t\t<div class=\"elementor-element elementor-element-fcf25e9 elementor-widget elementor-widget-image\" data-id=\"fcf25e9\" data-element_type=\"widget\" data-widget_type=\"image.default\">\n\t\t\t\t\t\t\t\t\t\t\t\t\t\t\t<img fetchpriority=\"high\" decoding=\"async\" width=\"2560\" height=\"200\" src=\"https:\/\/rtp.fumed.pl\/wp-content\/uploads\/2025\/10\/arrow-RTP-scaled.png\" class=\"attachment-full size-full wp-image-372\" alt=\"\" srcset=\"https:\/\/rtp.fumed.pl\/wp-content\/uploads\/2025\/10\/arrow-RTP-scaled.png 2560w, https:\/\/rtp.fumed.pl\/wp-content\/uploads\/2025\/10\/arrow-RTP-300x23.png 300w, https:\/\/rtp.fumed.pl\/wp-content\/uploads\/2025\/10\/arrow-RTP-1024x80.png 1024w, https:\/\/rtp.fumed.pl\/wp-content\/uploads\/2025\/10\/arrow-RTP-768x60.png 768w, https:\/\/rtp.fumed.pl\/wp-content\/uploads\/2025\/10\/arrow-RTP-1536x120.png 1536w, https:\/\/rtp.fumed.pl\/wp-content\/uploads\/2025\/10\/arrow-RTP-2048x160.png 2048w\" sizes=\"(max-width: 2560px) 100vw, 2560px\" \/>\t\t\t\t\t\t\t\t\t\t\t\t\t\t\t<\/div>\n\t\t\t\t\t<\/div>\n\t\t\t\t<\/div>\n\t\t<div class=\"elementor-element elementor-element-220d399 e-flex e-con-boxed e-con e-parent\" data-id=\"220d399\" data-element_type=\"container\">\n\t\t\t\t\t<div class=\"e-con-inner\">\n\t\t<div class=\"elementor-element elementor-element-ae51662 e-con-full e-flex e-con e-child\" data-id=\"ae51662\" data-element_type=\"container\">\n\t\t\t\t<div class=\"elementor-element elementor-element-6138502 elementor-widget elementor-widget-image\" data-id=\"6138502\" data-element_type=\"widget\" data-widget_type=\"image.default\">\n\t\t\t\t\t\t\t\t\t\t\t\t\t\t\t<img decoding=\"async\" width=\"232\" height=\"180\" src=\"https:\/\/rtp.fumed.pl\/wp-content\/uploads\/2025\/10\/Mask-group-2.png\" class=\"attachment-large size-large wp-image-88\" alt=\"\" \/>\t\t\t\t\t\t\t\t\t\t\t\t\t\t\t<\/div>\n\t\t\t\t<\/div>\n\t\t<div class=\"elementor-element elementor-element-5dff57f e-con-full e-flex e-con e-child\" data-id=\"5dff57f\" data-element_type=\"container\">\n\t\t\t\t<div class=\"elementor-element elementor-element-ac5c12e elementor-widget elementor-widget-text-editor\" data-id=\"ac5c12e\" data-element_type=\"widget\" data-widget_type=\"text-editor.default\">\n\t\t\t\t\t\t\t\t\t<p>Liczba punkt\u00f3w edukacyjnych wynosi: 5 dla lekarzy lub 4 dla farmaceut\u00f3w, diagnost\u00f3w laboratoryjnych i os\u00f3b uprawnionych do wykonywania czynno\u015bci medycyny laboratoryjnej [podstawa: Dz.U.2022 poz.464; Dz.U.2021 poz.2494; Dz.U.2023 poz.2684; Dz.U.2023 poz.675].<\/p>\t\t\t\t\t\t\t\t<\/div>\n\t\t\t\t<\/div>\n\t\t<div class=\"elementor-element elementor-element-4be2329 e-con-full e-flex e-con e-child\" data-id=\"4be2329\" data-element_type=\"container\">\n\t\t\t\t<div class=\"elementor-element elementor-element-c5e886a elementor-widget elementor-widget-image\" data-id=\"c5e886a\" data-element_type=\"widget\" data-widget_type=\"image.default\">\n\t\t\t\t\t\t\t\t\t\t\t\t\t\t\t<img decoding=\"async\" width=\"232\" height=\"180\" src=\"https:\/\/rtp.fumed.pl\/wp-content\/uploads\/2025\/10\/Mask-group1.png\" class=\"attachment-large size-large wp-image-89\" alt=\"\" \/>\t\t\t\t\t\t\t\t\t\t\t\t\t\t\t<\/div>\n\t\t\t\t<\/div>\n\t\t\t\t\t<\/div>\n\t\t\t\t<\/div>\n\t\t\t\t<\/div>\n\t\t","protected":false},"excerpt":{"rendered":"<p>Punkty edukacyjne Liczba punkt\u00f3w edukacyjnych wynosi: 5 dla lekarzy lub 4 dla farmaceut\u00f3w, diagnost\u00f3w laboratoryjnych i os\u00f3b uprawnionych do wykonywania [&hellip;]<\/p>\n","protected":false},"author":1,"featured_media":0,"parent":0,"menu_order":0,"comment_status":"closed","ping_status":"closed","template":"","meta":{"site-sidebar-layout":"no-sidebar","site-content-layout":"","ast-site-content-layout":"full-width-container","site-content-style":"default","site-sidebar-style":"default","ast-global-header-display":"","ast-banner-title-visibility":"","ast-main-header-display":"","ast-hfb-above-header-display":"","ast-hfb-below-header-display":"","ast-hfb-mobile-header-display":"","site-post-title":"disabled","ast-breadcrumbs-content":"","ast-featured-img":"disabled","footer-sml-layout":"","theme-transparent-header-meta":"","adv-header-id-meta":"","stick-header-meta":"","header-above-stick-meta":"","header-main-stick-meta":"","header-below-stick-meta":"","astra-migrate-meta-layouts":"default","ast-page-background-enabled":"default","ast-page-background-meta":{"desktop":{"background-color":"var(--ast-global-color-5)","background-image":"","background-repeat":"repeat","background-position":"center center","background-size":"auto","background-attachment":"scroll","background-type":"","background-media":"","overlay-type":"","overlay-color":"","overlay-opacity":"","overlay-gradient":""},"tablet":{"background-color":"","background-image":"","background-repeat":"repeat","background-position":"center center","background-size":"auto","background-attachment":"scroll","background-type":"","background-media":"","overlay-type":"","overlay-color":"","overlay-opacity":"","overlay-gradient":""},"mobile":{"background-color":"","background-image":"","background-repeat":"repeat","background-position":"center center","background-size":"auto","background-attachment":"scroll","background-type":"","background-media":"","overlay-type":"","overlay-color":"","overlay-opacity":"","overlay-gradient":""}},"ast-content-background-meta":{"desktop":{"background-color":"var(--ast-global-color-4)","background-image":"","background-repeat":"repeat","background-position":"center center","background-size":"auto","background-attachment":"scroll","background-type":"","background-media":"","overlay-type":"","overlay-color":"","overlay-opacity":"","overlay-gradient":""},"tablet":{"background-color":"var(--ast-global-color-4)","background-image":"","background-repeat":"repeat","background-position":"center center","background-size":"auto","background-attachment":"scroll","background-type":"","background-media":"","overlay-type":"","overlay-color":"","overlay-opacity":"","overlay-gradient":""},"mobile":{"background-color":"var(--ast-global-color-4)","background-image":"","background-repeat":"repeat","background-position":"center center","background-size":"auto","background-attachment":"scroll","background-type":"","background-media":"","overlay-type":"","overlay-color":"","overlay-opacity":"","overlay-gradient":""}},"footnotes":""},"class_list":["post-378","page","type-page","status-publish","hentry"],"_links":{"self":[{"href":"https:\/\/rtp.fumed.pl\/index.php\/wp-json\/wp\/v2\/pages\/378","targetHints":{"allow":["GET"]}}],"collection":[{"href":"https:\/\/rtp.fumed.pl\/index.php\/wp-json\/wp\/v2\/pages"}],"about":[{"href":"https:\/\/rtp.fumed.pl\/index.php\/wp-json\/wp\/v2\/types\/page"}],"author":[{"embeddable":true,"href":"https:\/\/rtp.fumed.pl\/index.php\/wp-json\/wp\/v2\/users\/1"}],"replies":[{"embeddable":true,"href":"https:\/\/rtp.fumed.pl\/index.php\/wp-json\/wp\/v2\/comments?post=378"}],"version-history":[{"count":7,"href":"https:\/\/rtp.fumed.pl\/index.php\/wp-json\/wp\/v2\/pages\/378\/revisions"}],"predecessor-version":[{"id":399,"href":"https:\/\/rtp.fumed.pl\/index.php\/wp-json\/wp\/v2\/pages\/378\/revisions\/399"}],"wp:attachment":[{"href":"https:\/\/rtp.fumed.pl\/index.php\/wp-json\/wp\/v2\/media?parent=378"}],"curies":[{"name":"wp","href":"https:\/\/api.w.org\/{rel}","templated":true}]}}